{"id":106938,"date":"2024-01-18T12:22:35","date_gmt":"2024-01-18T12:22:35","guid":{"rendered":"https:\/\/thetenerifechannel.com\/excursions\/rejs-z-obserwacja-wielorybow-freebird-3-godziny\/"},"modified":"2026-03-09T13:51:27","modified_gmt":"2026-03-09T13:51:27","slug":"rejs-z-obserwacja-wielorybow-freebird-3-godziny","status":"publish","type":"product","link":"https:\/\/thetenerifechannel.com\/pl\/excursions\/rejs-z-obserwacja-wielorybow-freebird-3-godziny\/","title":{"rendered":"Rejs z obserwacj\u0105 wieloryb\u00f3w Freebird 3 godziny"},"content":{"rendered":"<section class=\"l-section wpb_row height_huge\"><div class=\"l-section-h i-cf\"><div class=\"g-cols vc_row via_grid cols_1 laptops-cols_inherit tablets-cols_inherit mobiles-cols_1 valign_top type_default stacking_default\"><div class=\"wpb_column vc_column_container\"><div class=\"vc_column-inner\"><div class=\"wpb_text_column\"><div class=\"wpb_wrapper\"><p><strong>3-GODZINNY REJS<\/strong> <span class=\"notion-enable-hover\" data-token-index=\"1\">Z COSTA AD<\/span> EJE <strong><br \/>\n Je\u015bli szukasz<\/strong> <span class=\"notion-enable-hover\" data-token-index=\"1\">wycieczek z Costa Adeje<\/span>, nie mo\u017cesz przegapi\u0107 do\u015bwiadczenia ogl\u0105dania wieloryb\u00f3w z katamaranu. Mo\u017cesz cieszy\u0107 si\u0119 wycieczk\u0105 \u0142odzi\u0105 po Costa Adeje, a jednocze\u015bnie czerpa\u0107 przyjemno\u015b\u0107 z ogl\u0105dania wieloryb\u00f3w w ich naturalnym \u015brodowisku. Podczas rejsu w poszukiwaniu tych niesamowitych zwierz\u0105t poznasz interesuj\u0105ce fakty na temat r\u00f3\u017cnych gatunk\u00f3w \u017cycia morskiego, kt\u00f3re zamieszkuj\u0105 wody wzd\u0142u\u017c Costa Adeje. Obserwuj, jak wieloryby pilotuj\u0105ce, delfiny butlonose i delfiny plamiste przep\u0142ywaj\u0105 obok katamaranu, aby si\u0119 zaprzyja\u017ani\u0107 &#8211; nie zapomnij si\u0119 przywita\u0107! Po skorzystaniu z mo\u017cliwo\u015bci obserwowania wieloryb\u00f3w i delfin\u00f3w, b\u0119dziesz mia\u0142 okazj\u0119 zrelaksowa\u0107 si\u0119 i cieszy\u0107 si\u0119 orze\u017awiaj\u0105c\u0105 k\u0105piel\u0105 w morzu. Idealne zako\u0144czenie magicznej podr\u00f3\u017cy \u0142odzi\u0105! Po zako\u0144czeniu rejsu katamaranem po Costa Adeje wr\u00f3cisz do Puerto Col\u00f3n, sk\u0105d udasz si\u0119 z powrotem do miejsca wyjazdu.<\/p>\n<p><strong>W zestawie:<\/strong><\/p>\n<ul>\n<li>Elektroniczny bilet wst\u0119pu.<\/li>\n<li>Spotkaj wieloryby w ich naturalnym \u015brodowisku.<\/li>\n<li>Kanapka, napoje bezalkoholowe, woda i piwo (dost\u0119pne s\u0105 opcje wegetaria\u0144skie i bezglutenowe, o czym nale\u017cy poinformowa\u0107 w momencie dokonywania rezerwacji).<\/li>\n<li>Przewodnik m\u00f3wi\u0105cy po angielsku.<\/li>\n<li>Transfer autobusem z po\u0142udniowej cz\u0119\u015bci wyspy.<\/li>\n<\/ul>\n<p><strong>Brak w zestawie:<\/strong><\/p>\n<ul>\n<li>Wypo\u017cyczenie le\u017caka: 15 \u20ac za par\u0119.<\/li>\n<li>Pami\u0105tkowe zdj\u0119cie: 10 \u20ac<\/li>\n<li>Lody: 2,50 \u20ac<\/li>\n<li>Fajka do nurkowania i maski.<\/li>\n<\/ul>\n<\/div><\/div><\/div><\/div><\/div><\/div><\/section>\n","protected":false},"excerpt":{"rendered":"<p>Pop\u0142y\u0144 katamaranem Freebird na zabawn\u0105 przygod\u0119 obserwowania wieloryb\u00f3w i delfin\u00f3w na Teneryfie. Ciesz si\u0119 wycieczk\u0105 \u0142odzi\u0105 na du\u017cym katamaranie, obserwuj\u0105c wieloryby w ich naturalnym \u015brodowisku. Podziwiaj widoki, rozkoszuj si\u0119 ciep\u0142em s\u0142o\u0144ca i och\u0142od\u017a si\u0119 orze\u017awiaj\u0105c\u0105 k\u0105piel\u0105 w morzu.  <\/p>\n","protected":false},"featured_media":103254,"template":"","meta":{"_acf_changed":false,"_joinchat":[]},"product_brand":[],"product_cat":[310],"product_tag":[311],"class_list":{"0":"post-106938","1":"product","2":"type-product","3":"status-publish","4":"has-post-thumbnail","6":"product_cat-obserwacja-wielorybow","7":"product_tag-karty-domowe","8":"pa_depart-from-na-poludnie-od-wyspy","10":"first","11":"instock","12":"virtual","13":"sold-individually","14":"purchasable","15":"product-type-booking"},"acf":[],"_links":{"self":[{"href":"https:\/\/thetenerifechannel.com\/pl\/wp-json\/wp\/v2\/product\/106938","targetHints":{"allow":["GET"]}}],"collection":[{"href":"https:\/\/thetenerifechannel.com\/pl\/wp-json\/wp\/v2\/product"}],"about":[{"href":"https:\/\/thetenerifechannel.com\/pl\/wp-json\/wp\/v2\/types\/product"}],"wp:featuredmedia":[{"embeddable":true,"href":"https:\/\/thetenerifechannel.com\/pl\/wp-json\/wp\/v2\/media\/103254"}],"wp:attachment":[{"href":"https:\/\/thetenerifechannel.com\/pl\/wp-json\/wp\/v2\/media?parent=106938"}],"wp:term":[{"taxonomy":"product_brand","embeddable":true,"href":"https:\/\/thetenerifechannel.com\/pl\/wp-json\/wp\/v2\/product_brand?post=106938"},{"taxonomy":"product_cat","embeddable":true,"href":"https:\/\/thetenerifechannel.com\/pl\/wp-json\/wp\/v2\/product_cat?post=106938"},{"taxonomy":"product_tag","embeddable":true,"href":"https:\/\/thetenerifechannel.com\/pl\/wp-json\/wp\/v2\/product_tag?post=106938"}],"curies":[{"name":"wp","href":"https:\/\/api.w.org\/{rel}","templated":true}]}}