{"id":108970,"date":"2026-02-09T11:49:55","date_gmt":"2026-02-09T11:49:55","guid":{"rendered":"https:\/\/thetenerifechannel.com\/?post_type=product&#038;p=108970"},"modified":"2026-03-18T10:26:38","modified_gmt":"2026-03-18T10:26:38","slug":"rejs-z-obserwacja-wielorybow-freebird-3-godziny-copy","status":"publish","type":"product","link":"https:\/\/thetenerifechannel.com\/pl\/excursions\/rejs-z-obserwacja-wielorybow-freebird-3-godziny-copy\/","title":{"rendered":"Rejs z obserwacj\u0105 wieloryb\u00f3w Freebird 2 godziny"},"content":{"rendered":"<section class=\"l-section wpb_row height_huge\"><div class=\"l-section-h i-cf\"><div class=\"g-cols vc_row via_grid cols_1 laptops-cols_inherit tablets-cols_inherit mobiles-cols_1 valign_top type_default stacking_default\"><div class=\"wpb_column vc_column_container\"><div class=\"vc_column-inner\"><div class=\"wpb_text_column\"><div class=\"wpb_wrapper\"><p><strong>2 GODZINY REJSU<\/strong> <span class=\"notion-enable-hover\" data-token-index=\"1\">Z COSTA AD<\/span> EJE <strong><br \/>\n Je\u015bli szukasz<\/strong> <span class=\"notion-enable-hover\" data-token-index=\"1\">wycieczek z Costa Adeje<\/span> (Puerto Colon), nie mo\u017cesz przegapi\u0107 do\u015bwiadczenia ogl\u0105dania wieloryb\u00f3w z katamaranu. Mo\u017cesz cieszy\u0107 si\u0119 wycieczk\u0105 \u0142odzi\u0105 po Costa Adeje, a jednocze\u015bnie czerpa\u0107 przyjemno\u015b\u0107 z ogl\u0105dania wieloryb\u00f3w w ich naturalnym \u015brodowisku. Podczas rejsu w poszukiwaniu tych niesamowitych zwierz\u0105t poznasz interesuj\u0105ce fakty na temat r\u00f3\u017cnych gatunk\u00f3w \u017cycia morskiego, kt\u00f3re zamieszkuj\u0105 wody wzd\u0142u\u017c Costa Adeje. Obserwuj, jak wieloryby pilotuj\u0105ce, delfiny butlonose i delfiny plamiste przep\u0142ywaj\u0105 obok katamaranu, aby si\u0119 zaprzyja\u017ani\u0107 &#8211; nie zapomnij si\u0119 przywita\u0107! Po skorzystaniu z mo\u017cliwo\u015bci obserwowania wieloryb\u00f3w i delfin\u00f3w, b\u0119dziesz mia\u0142 okazj\u0119 zrelaksowa\u0107 si\u0119 i cieszy\u0107 si\u0119 orze\u017awiaj\u0105c\u0105 k\u0105piel\u0105 w morzu. Idealne zako\u0144czenie magicznej podr\u00f3\u017cy \u0142odzi\u0105! Po zako\u0144czeniu rejsu katamaranem wok\u00f3\u0142 Costa Adeje wr\u00f3cisz do Puerto Col\u00f3n.<\/p>\n<p><strong>W zestawie:<\/strong><\/p>\n<ul>\n<li>Elektroniczny bilet wst\u0119pu<\/li>\n<li><span>Spotkaj wieloryby w ich naturalnym \u015brodowisku<\/span><\/li>\n<li><span>Swim stop<\/span><\/li>\n<li>Napoje bezalkoholowe<\/li>\n<li>Przewodnik m\u00f3wi\u0105cy po angielsku<\/li>\n<\/ul>\n<p>&nbsp;<\/p>\n<p><strong>Brak w zestawie:<\/strong><\/p>\n<ul>\n<li>Transport<\/li>\n<li>Wypo\u017cyczenie le\u017caka: 10 \u20ac za par\u0119.<\/li>\n<li>\u017bywno\u015b\u0107 (niedost\u0119pna w sprzeda\u017cy)<\/li>\n<li>Fajka do nurkowania i maski.<\/li>\n<\/ul>\n<\/div><\/div><\/div><\/div><\/div><\/div><\/section>\n","protected":false},"excerpt":{"rendered":"<p>Pop\u0142y\u0144 na pok\u0142adzie katamaranu Freebird na ekscytuj\u0105c\u0105 przygod\u0119 obserwowania wieloryb\u00f3w i delfin\u00f3w na Teneryfie!<br data-start=\"310\" data-end=\"313\">Nasza 2-godzinna wycieczka daje wyj\u0105tkow\u0105 okazj\u0119 do po\u0142\u0105czenia si\u0119 z natur\u0105, rozkoszowania si\u0119 s\u0142o\u0144cem i obserwowania tych wspania\u0142ych stworze\u0144 p\u0142ywaj\u0105cych swobodnie w oceanie.<\/p>\n","protected":false},"featured_media":103254,"template":"","meta":{"_acf_changed":false,"_joinchat":[]},"product_brand":[],"product_cat":[310],"product_tag":[311],"class_list":{"0":"post-108970","1":"product","2":"type-product","3":"status-publish","4":"has-post-thumbnail","6":"product_cat-obserwacja-wielorybow","7":"product_tag-karty-domowe","9":"first","10":"instock","11":"virtual","12":"sold-individually","13":"purchasable","14":"product-type-booking"},"acf":[],"_links":{"self":[{"href":"https:\/\/thetenerifechannel.com\/pl\/wp-json\/wp\/v2\/product\/108970","targetHints":{"allow":["GET"]}}],"collection":[{"href":"https:\/\/thetenerifechannel.com\/pl\/wp-json\/wp\/v2\/product"}],"about":[{"href":"https:\/\/thetenerifechannel.com\/pl\/wp-json\/wp\/v2\/types\/product"}],"wp:featuredmedia":[{"embeddable":true,"href":"https:\/\/thetenerifechannel.com\/pl\/wp-json\/wp\/v2\/media\/103254"}],"wp:attachment":[{"href":"https:\/\/thetenerifechannel.com\/pl\/wp-json\/wp\/v2\/media?parent=108970"}],"wp:term":[{"taxonomy":"product_brand","embeddable":true,"href":"https:\/\/thetenerifechannel.com\/pl\/wp-json\/wp\/v2\/product_brand?post=108970"},{"taxonomy":"product_cat","embeddable":true,"href":"https:\/\/thetenerifechannel.com\/pl\/wp-json\/wp\/v2\/product_cat?post=108970"},{"taxonomy":"product_tag","embeddable":true,"href":"https:\/\/thetenerifechannel.com\/pl\/wp-json\/wp\/v2\/product_tag?post=108970"}],"curies":[{"name":"wp","href":"https:\/\/api.w.org\/{rel}","templated":true}]}}