{"id":109031,"date":"2026-02-09T13:26:42","date_gmt":"2026-02-09T13:26:42","guid":{"rendered":"https:\/\/thetenerifechannel.com\/?post_type=product&#038;p=109031"},"modified":"2026-02-09T14:12:55","modified_gmt":"2026-02-09T14:12:55","slug":"pakiet-safari-sportow-wodnych-copy","status":"publish","type":"product","link":"https:\/\/thetenerifechannel.com\/pl\/excursions\/pakiet-safari-sportow-wodnych-copy\/","title":{"rendered":"Pakiety do sport\u00f3w wodnych"},"content":{"rendered":"<p data-start=\"167\" data-end=\"201\">Wybierz jeden z naszych r\u00f3\u017cnych pakiet\u00f3w sport\u00f3w wodnych, obejmuj\u0105cych Jet Ski, Parasailing lub Fly Fish. Ka\u017cdy pakiet oferuje wyj\u0105tkowe wra\u017cenia: poczuj adrenalin\u0119 podczas jazdy na skuterze wodnym, wznie\u015b si\u0119 nad oceanem podczas parasailingu lub \u015blizgaj si\u0119 po wodzie na Fly Fish. Ciesz si\u0119 osza\u0142amiaj\u0105cymi widokami wybrze\u017ca, orze\u017awiaj\u0105c\u0105 morsk\u0105 bryz\u0105 i nieko\u0144cz\u0105c\u0105 si\u0119 zabaw\u0105 podczas ka\u017cdej aktywno\u015bci. Idealny dla ka\u017cdego, kto szuka przyg\u00f3d, emocji i niezapomnianych wspomnie\u0144 na wodzie.   <\/p>\n<ul style=\"list-style-type: circle;\">\n<li><strong>SPECIAL PACK WATERSPORTS<\/strong> = 20 min Jet Ski Circuit + 10 min Parascending + 10 min Fly Fish<\/li>\n<li><strong>BOOSTER PACK 1<\/strong> = 40 min Jet Ski + 10 min Parascending<\/li>\n<li><strong>BOOSTER PACK 2<\/strong> = 1 godzina jazdy na nartach wodnych + 10 min parascendingu<\/li>\n<li><strong>BOOSTER PACK 3<\/strong> = 1 godzina Jet Ski + 10 min Parascending + 10 min Fly Fish<\/li>\n<li><strong>PAKIET SAFARI <\/strong>(dost\u0119pny tylko o godz. 10:00) = 2 godziny jazdy na skuterze wodnym + 10 min parascendingu + 10 min \u0142owienia na much\u0119<\/li>\n<\/ul>\n<p>&nbsp;<\/p>\n<ul>\n<li>Miejsce spotkania na pla\u017cy najbli\u017cej miejsca zakwaterowania.<\/li>\n<li>Bilet elektroniczny.<\/li>\n<li>Kamizelka ratunkowa (obowi\u0105zkowa)<\/li>\n<\/ul>\n<p><strong>Brak w zestawie:<\/strong><\/p>\n<ul>\n<li>Transport<\/li>\n<li>Pami\u0105tka fotograficzna<\/li>\n<\/ul>\n<p><strong>Podczas dokonywania rezerwacji prosimy o kontakt w celu sprawdzenia dost\u0119pno\u015bci.<\/strong><\/p>\n<p>*Minimalny wiek pasa\u017cera: 10 lat<br \/>\n*Pojedynczy skuter wodny: minimalny wiek: 16 lat (wymagana zgoda rodzic\u00f3w)<br \/>\n*Podw\u00f3jny skuter wodny: minimalny wiek: 18 lat<br \/>\n*Ograniczenie wagi podw\u00f3jnego skutera wodnego: 150-170 kg.<\/p>\n<p>&nbsp;<\/p>\n","protected":false},"excerpt":{"rendered":"<p data-start=\"167\" data-end=\"201\">Ciesz si\u0119 naszymi pakietami sport\u00f3w wodnych! Przygotuj si\u0119 na niezapomniany dzie\u0144 na wodzie!<br \/>\nWybierz spo\u015br\u00f3d r\u00f3\u017cnych czas\u00f3w trwania dla Jet Ski, Parasailing lub Fly Fish i ciesz si\u0119 dreszczykiem emocji, widokami i zabaw\u0105, jak\u0105 ka\u017cda aktywno\u015b\u0107 ma do zaoferowania. Idealny dla ka\u017cdego, kto szuka przyg\u00f3d, emocji i niezapomnianych wspomnie\u0144. <\/p>\n","protected":false},"featured_media":103190,"template":"","meta":{"_acf_changed":false,"_joinchat":[]},"product_brand":[],"product_cat":[308],"product_tag":[],"class_list":{"0":"post-109031","1":"product","2":"type-product","3":"status-publish","4":"has-post-thumbnail","6":"product_cat-sporty-wodne","7":"pa_depart-from-na-poludnie-od-wyspy","9":"first","10":"instock","11":"virtual","12":"sold-individually","13":"purchasable","14":"product-type-booking"},"acf":[],"_links":{"self":[{"href":"https:\/\/thetenerifechannel.com\/pl\/wp-json\/wp\/v2\/product\/109031","targetHints":{"allow":["GET"]}}],"collection":[{"href":"https:\/\/thetenerifechannel.com\/pl\/wp-json\/wp\/v2\/product"}],"about":[{"href":"https:\/\/thetenerifechannel.com\/pl\/wp-json\/wp\/v2\/types\/product"}],"wp:featuredmedia":[{"embeddable":true,"href":"https:\/\/thetenerifechannel.com\/pl\/wp-json\/wp\/v2\/media\/103190"}],"wp:attachment":[{"href":"https:\/\/thetenerifechannel.com\/pl\/wp-json\/wp\/v2\/media?parent=109031"}],"wp:term":[{"taxonomy":"product_brand","embeddable":true,"href":"https:\/\/thetenerifechannel.com\/pl\/wp-json\/wp\/v2\/product_brand?post=109031"},{"taxonomy":"product_cat","embeddable":true,"href":"https:\/\/thetenerifechannel.com\/pl\/wp-json\/wp\/v2\/product_cat?post=109031"},{"taxonomy":"product_tag","embeddable":true,"href":"https:\/\/thetenerifechannel.com\/pl\/wp-json\/wp\/v2\/product_tag?post=109031"}],"curies":[{"name":"wp","href":"https:\/\/api.w.org\/{rel}","templated":true}]}}