{"id":109333,"date":"2026-02-10T13:06:13","date_gmt":"2026-02-10T13:06:13","guid":{"rendered":"https:\/\/thetenerifechannel.com\/?post_type=product&#038;p=109333"},"modified":"2026-02-19T11:32:45","modified_gmt":"2026-02-19T11:32:45","slug":"scuba-try-dive-copy","status":"publish","type":"product","link":"https:\/\/thetenerifechannel.com\/pl\/excursions\/scuba-try-dive-copy\/","title":{"rendered":"Snorkeling lub nurkowanie z akwalungiem (z Las Galletas)"},"content":{"rendered":"<section class=\"l-section wpb_row height_huge\"><div class=\"l-section-h i-cf\"><div class=\"g-cols vc_row via_grid cols_1 laptops-cols_inherit tablets-cols_inherit mobiles-cols_1 valign_top type_default stacking_default\"><div class=\"wpb_column vc_column_container\"><div class=\"vc_column-inner\"><div class=\"wpb_text_column\"><div class=\"wpb_wrapper\"><p><strong>ODKRYJ NURKOWANIE<\/strong><\/p>\n<p>Odkryj niesamowity podwodny \u015bwiat na Teneryfie dzi\u0119ki naszym do\u015bwiadczeniom nurkowym!<br data-start=\"500\" data-end=\"503\">Zanurz si\u0119 w krystalicznie czystych wodach Teneryfy podczas niezapomnianej przygody z nurkowaniem dla pocz\u0105tkuj\u0105cych. Odkryj magi\u0119 dna morskiego bezpiecznie, prowadzony przez naszych pe\u0142nych pasji instruktor\u00f3w. Otwarte dla wszystkich, nie jest wymagane wcze\u015bniejsze do\u015bwiadczenie.<br data-start=\"725\" data-end=\"728\">Prowadzony przez certyfikowanego instruktora, wyruszysz w niezapomnian\u0105 podr\u00f3\u017c w jednym z naszych 30 miejsc nurkowych &#8211; wyj\u0105tkowe do\u015bwiadczenie w\u015br\u00f3d tropikalnych ryb i osza\u0142amiaj\u0105cych wulkanicznych krajobraz\u00f3w!  <\/p>\n<p data-start=\"86\" data-end=\"131\"><strong data-start=\"86\" data-end=\"129\">Nurkowanie dla pocz\u0105tkuj\u0105cych obejmuje<\/strong><\/p>\n<ul data-start=\"132\" data-end=\"355\">\n<li data-start=\"132\" data-end=\"212\">\n<p data-start=\"134\" data-end=\"212\">Proste i uspokajaj\u0105ce wyja\u015bnienie sprz\u0119tu i podstawowych umiej\u0119tno\u015bci nurkowych.<\/p>\n<\/li>\n<li data-start=\"213\" data-end=\"263\">\n<p data-start=\"215\" data-end=\"263\">Stopniowe nurkowanie do g\u0142\u0119boko\u015bci 6 metr\u00f3w (20 st\u00f3p).<\/p>\n<\/li>\n<li data-start=\"264\" data-end=\"304\">\n<p data-start=\"266\" data-end=\"304\">Indywidualne wskaz\u00f3wki we w\u0142asnym tempie<\/p>\n<\/li>\n<li data-start=\"305\" data-end=\"332\">\n<p data-start=\"307\" data-end=\"332\">Zapewnione pe\u0142ne wyposa\u017cenie<\/p>\n<\/li>\n<li data-start=\"333\" data-end=\"355\">\n<p data-start=\"335\" data-end=\"355\">Ubezpieczenie dzia\u0142alno\u015bci<\/p>\n<\/li>\n<\/ul>\n<p data-start=\"357\" data-end=\"474\"><strong data-start=\"357\" data-end=\"376\">Ca\u0142kowity czas trwania:<\/strong> oko\u0142o 2,5 godziny (odprawa, wej\u015bcie do wody i nurkowanie trwaj\u0105ce oko\u0142o 20 minut).<\/p>\n<p>&nbsp;<\/p>\n<p><strong>SNORKELING<\/strong><\/p>\n<p>Snorkeling to prosty i przyjemny spos\u00f3b na odkrywanie cud\u00f3w pod wodami Teneryfy bez konieczno\u015bci szkolenia w nurkowaniu. To idealna aktywno\u015b\u0107 dla ca\u0142ej rodziny. Ka\u017cdy, m\u0142ody i stary, mo\u017ce z \u0142atwo\u015bci\u0105 odkrywa\u0107 morski \u015bwiat.  <\/p>\n<p><strong>Co oferujemy:<\/strong><\/p>\n<ul>\n<li>Wyjazd \u0142odzi\u0105<\/li>\n<li>Specjalistyczni przewodnicy dost\u0119pni za dodatkow\u0105 op\u0142at\u0105<\/li>\n<li>Obserwacja tropikalnych ryb, \u017c\u00f3\u0142wi, p\u0142aszczek i innych gatunk\u00f3w morskich.<\/li>\n<li>Zapewniony sprz\u0119t: maska, fajka do nurkowania, p\u0142etwy i pianka.<\/li>\n<li>Nadz\u00f3r w zrelaksowanym i bezpiecznym \u015brodowisku<\/li>\n<li>Wycieczki w ma\u0142ych grupach zapewniaj\u0105 bardziej przyjazne i osobiste wra\u017cenia<\/li>\n<\/ul>\n<p><strong>Czas trwania:<\/strong> 2 &#8211; 2,5 godziny (odprawa i eksploracja)<\/p>\n<p><strong>Kto mo\u017ce do\u0142\u0105czy\u0107?<\/strong><br \/>\nKa\u017cdy mo\u017ce wzi\u0105\u0107 udzia\u0142, zar\u00f3wno pocz\u0105tkuj\u0105cy, jak i do\u015bwiadczony. Nie musisz by\u0107 doskona\u0142ym p\u0142ywakiem &#8211; wystarczy, \u017ce czujesz si\u0119 komfortowo w wodzie. Dla tych, kt\u00f3rzy chc\u0105, zapewniamy kamizelki wyporno\u015bciowe, aby zapewni\u0107 bezpieczne i wygodne do\u015bwiadczenie.  <\/p>\n<p>&nbsp;<\/p>\n<p><strong>NIE<\/strong> <strong>W ZESTAWIE:<\/strong><\/p>\n<ul>\n<li>Transport<\/li>\n<li>Zdj\u0119cia pakietu<\/li>\n<\/ul>\n<p><span>Minimalny wiek: 6 lat (za zgod\u0105 opiekuna) (dla aktywno\u015bci DISCOVER SCUBA DIVING)<\/span><\/p>\n<p><span>Nie ma problem\u00f3w z oddychaniem, sercem ani uszami.  <\/span><\/p>\n<p>Nie b\u0105d\u017a w ci\u0105\u017cy.<\/p>\n<p><span>Nie wsiadaj do samolotu ani nie wykonuj \u017cadnych czynno\u015bci na wysoko\u015bci (paralotniarstwo, skoki spadochronowe, wyprawa na Teide) w ci\u0105gu najbli\u017cszych 12 godzin (w przypadku nurkowania).<\/span><\/p>\n<\/div><\/div><\/div><\/div><\/div><\/div><\/section>\n","protected":false},"excerpt":{"rendered":"<p>Zanurz si\u0119 w przygodzie! Poznaj t\u0119tni\u0105cy \u017cyciem podwodny \u015bwiat dzi\u0119ki naszym wycieczkom snorkelingowym i nurkowym!<br \/>\nNiezale\u017cnie od tego, czy chodzi o snorkeling, czy nurkowanie, do\u015bwiadcz swojego pierwszego zanurzenia pod wod\u0105 w przyjaznym, przyjaznym i w 100% bezpiecznym \u015brodowisku. Niezale\u017cnie od tego, czy jeste\u015b sam, w parze, z rodzin\u0105 czy przyjaci\u00f3\u0142mi, zajmiemy si\u0119 wszystkim, aby\u015b m\u00f3g\u0142 si\u0119 zrelaksowa\u0107 i cieszy\u0107 chwil\u0105. <\/p>\n","protected":false},"featured_media":109335,"template":"","meta":{"_acf_changed":false,"_joinchat":[]},"product_brand":[],"product_cat":[308],"product_tag":[],"class_list":{"0":"post-109333","1":"product","2":"type-product","3":"status-publish","4":"has-post-thumbnail","6":"product_cat-sporty-wodne","8":"first","9":"instock","10":"virtual","11":"sold-individually","12":"purchasable","13":"product-type-booking"},"acf":[],"_links":{"self":[{"href":"https:\/\/thetenerifechannel.com\/pl\/wp-json\/wp\/v2\/product\/109333","targetHints":{"allow":["GET"]}}],"collection":[{"href":"https:\/\/thetenerifechannel.com\/pl\/wp-json\/wp\/v2\/product"}],"about":[{"href":"https:\/\/thetenerifechannel.com\/pl\/wp-json\/wp\/v2\/types\/product"}],"wp:featuredmedia":[{"embeddable":true,"href":"https:\/\/thetenerifechannel.com\/pl\/wp-json\/wp\/v2\/media\/109335"}],"wp:attachment":[{"href":"https:\/\/thetenerifechannel.com\/pl\/wp-json\/wp\/v2\/media?parent=109333"}],"wp:term":[{"taxonomy":"product_brand","embeddable":true,"href":"https:\/\/thetenerifechannel.com\/pl\/wp-json\/wp\/v2\/product_brand?post=109333"},{"taxonomy":"product_cat","embeddable":true,"href":"https:\/\/thetenerifechannel.com\/pl\/wp-json\/wp\/v2\/product_cat?post=109333"},{"taxonomy":"product_tag","embeddable":true,"href":"https:\/\/thetenerifechannel.com\/pl\/wp-json\/wp\/v2\/product_tag?post=109333"}],"curies":[{"name":"wp","href":"https:\/\/api.w.org\/{rel}","templated":true}]}}