{"id":110216,"date":"2026-02-14T14:44:06","date_gmt":"2026-02-14T14:44:06","guid":{"rendered":"https:\/\/thetenerifechannel.com\/?post_type=product&#038;p=110216"},"modified":"2026-04-17T11:14:17","modified_gmt":"2026-04-17T11:14:17","slug":"wycieczka-na-wyspe-candelaria-la-orotava-garachico-masca-od-poludnia-copy","status":"publish","type":"product","link":"https:\/\/thetenerifechannel.com\/pl\/excursions\/wycieczka-na-wyspe-candelaria-la-orotava-garachico-masca-od-poludnia-copy\/","title":{"rendered":"Smaki i wina (z po\u0142udnia)"},"content":{"rendered":"<section class=\"l-section wpb_row height_huge\"><div class=\"l-section-h i-cf\"><div class=\"g-cols vc_row via_grid cols_1 laptops-cols_inherit tablets-cols_inherit mobiles-cols_1 valign_top type_default stacking_default\"><div class=\"wpb_column vc_column_container\"><div class=\"vc_column-inner\"><div class=\"wpb_text_column\"><div class=\"wpb_wrapper\"><div class=\"flex-shrink-0 flex flex-col relative items-end\">\n<div class=\"pt-0.5\">\n<div class=\"gizmo-shadow-stroke flex h-6 w-6 items-center justify-center overflow-hidden rounded-full\">\n<p data-pm-slice=\"1 1 &#091;&#093;\">Smaki i wina Teneryfy: Podr\u00f3\u017c dla zmys\u0142\u00f3w<\/p>\n<p>Odkryj autentyczne smaki po\u0142udniowej Teneryfy i s\u0142ynne wina podczas tej p\u00f3\u0142dniowej wycieczki. Odwied\u017a Finca Las Margaritas, aby pozna\u0107 tradycyjn\u0105 upraw\u0119 banan\u00f3w i skosztowa\u0107 lokalnych produkt\u00f3w, takich jak gofio, mi\u00f3d palmowy i owoce tropikalne. Ciesz si\u0119 zapieraj\u0105cymi dech w piersiach widokami na g\u00f3ry w drodze do Bodega Lagar de Chasna, gdzie degustacja wina po\u0142\u0105czona jest z najlepsz\u0105 kanaryjsk\u0105 kuchni\u0105. Powr\u00f3t do miejsca zakwaterowania z czasem na dalsze cieszenie si\u0119 dniem.   <\/p>\n<\/div>\n<\/div>\n<\/div>\n<div class=\"relative flex w-full flex-col lg:w-&#091;calc(100%-115px)&#093; agent-turn\">\n<div class=\"flex-col gap-1 md:gap-3\">\n<div class=\"flex flex-grow flex-col max-w-full\">\n<div class=\"min-h-&#091;20px&#093; text-message flex flex-col items-start gap-3 whitespace-pre-wrap break-words &#091;.text-message+&amp;&#093;:mt-5 overflow-x-auto\" data-message-author-role=\"assistant\" data-message-id=\"1b594d4d-875f-4ede-8698-e67da448c8b8\">\n<p>Czas trwania: oko\u0142o 4-5 godzin<strong>.<\/strong><\/p>\n<p><strong>Podczas rezerwacji nale\u017cy okre\u015bli\u0107 wszelkie nietolerancje, alergie lub preferencje \u017cywieniowe, takie jak menu wegetaria\u0144skie \/ wega\u0144skie.<\/strong><\/p>\n<p><strong>Wliczone w cen\u0119:<\/strong><\/p>\n<\/div>\n<\/div>\n<\/div>\n<\/div>\n<ul>\n<li>Klimatyzowany autobus uznaniowy<\/li>\n<li>Oficjalny przewodnik<\/li>\n<li><span>Wizyta na plantacji banan\u00f3w, wizyta w winiarni, degustacja kanaryjskich produkt\u00f3w i win.<\/span><\/li>\n<\/ul>\n<p><strong>Brak w zestawie:<\/strong><\/p>\n<ul>\n<li>Lunch<\/li>\n<\/ul>\n<\/div><\/div><\/div><\/div><\/div><\/div><\/section>\n","protected":false},"excerpt":{"rendered":"<p data-pm-slice=\"1 1 []\">Poznaj autentyczne smaki i wina po\u0142udniowej Teneryfy podczas malowniczej podr\u00f3\u017cy przez lokaln\u0105 kultur\u0119, gastronomi\u0119 i zapieraj\u0105ce dech w piersiach krajobrazy.<\/p>\n","protected":false},"featured_media":110246,"template":"","meta":{"_acf_changed":false,"_joinchat":[]},"product_brand":[],"product_cat":[316,315,314],"product_tag":[372,398,400],"class_list":{"0":"post-110216","1":"product","2":"type-product","3":"status-publish","4":"has-post-thumbnail","6":"product_cat-bez-kategorii","7":"product_cat-przygoda-z-natura","8":"product_cat-wycieczki-na-teneryfe","9":"product_tag-a-group-couples","10":"product_tag-a-vibe-explore","11":"product_tag-a-vibe-romans","12":"pa_depart-from-na-poludnie-od-wyspy","14":"first","15":"instock","16":"virtual","17":"sold-individually","18":"purchasable","19":"product-type-booking"},"acf":[],"_links":{"self":[{"href":"https:\/\/thetenerifechannel.com\/pl\/wp-json\/wp\/v2\/product\/110216","targetHints":{"allow":["GET"]}}],"collection":[{"href":"https:\/\/thetenerifechannel.com\/pl\/wp-json\/wp\/v2\/product"}],"about":[{"href":"https:\/\/thetenerifechannel.com\/pl\/wp-json\/wp\/v2\/types\/product"}],"wp:featuredmedia":[{"embeddable":true,"href":"https:\/\/thetenerifechannel.com\/pl\/wp-json\/wp\/v2\/media\/110246"}],"wp:attachment":[{"href":"https:\/\/thetenerifechannel.com\/pl\/wp-json\/wp\/v2\/media?parent=110216"}],"wp:term":[{"taxonomy":"product_brand","embeddable":true,"href":"https:\/\/thetenerifechannel.com\/pl\/wp-json\/wp\/v2\/product_brand?post=110216"},{"taxonomy":"product_cat","embeddable":true,"href":"https:\/\/thetenerifechannel.com\/pl\/wp-json\/wp\/v2\/product_cat?post=110216"},{"taxonomy":"product_tag","embeddable":true,"href":"https:\/\/thetenerifechannel.com\/pl\/wp-json\/wp\/v2\/product_tag?post=110216"}],"curies":[{"name":"wp","href":"https:\/\/api.w.org\/{rel}","templated":true}]}}