{"id":111572,"date":"2026-02-19T12:25:35","date_gmt":"2026-02-19T12:25:35","guid":{"rendered":"https:\/\/thetenerifechannel.com\/?post_type=product&#038;p=111572"},"modified":"2026-03-09T15:01:26","modified_gmt":"2026-03-09T15:01:26","slug":"luksusowy-czarter-lodzi-opera-60-copy","status":"publish","type":"product","link":"https:\/\/thetenerifechannel.com\/pl\/excursions\/luksusowy-czarter-lodzi-opera-60-copy\/","title":{"rendered":"Fajna \u017cagl\u00f3wka"},"content":{"rendered":"<section class=\"l-section wpb_row height_huge\"><div class=\"l-section-h i-cf\"><div class=\"g-cols vc_row via_grid cols_1 laptops-cols_inherit tablets-cols_inherit mobiles-cols_1 valign_top type_default stacking_default\"><div class=\"wpb_column vc_column_container\"><div class=\"vc_column-inner\"><div class=\"wpb_text_column\"><div class=\"wpb_wrapper\"><p data-pm-slice=\"1 1 &#091;&#093;\">Wyp\u0142y\u0144 z Puerto Col\u00f3n, Costa Adeje, na pok\u0142adzie \u017cagl\u00f3wki Cool Sailing na niezapomnian\u0105 3-godzinn\u0105 przygod\u0119 z ma\u0142\u0105 grup\u0105 do 11 os\u00f3b. Ciesz si\u0119 napojami i smacznymi kanapkami podczas relaksu na pok\u0142adzie. <\/p>\n<p>Zobacz wieloryby i delfiny podczas g\u0142\u00f3wnej cz\u0119\u015bci wycieczki i zanurz si\u0119 w krystalicznie czystych wodach, aby od\u015bwie\u017cy\u0107 si\u0119 podczas p\u0142ywania ze sprz\u0119tem do snorkelingu. Idealne po\u0142\u0105czenie przygody, zabawy i relaksu na pi\u0119knym wybrze\u017cu Teneryfy! <\/p>\n<p>&nbsp;<\/p>\n<p><strong>W ZESTAWIE:<\/strong><\/p>\n<ul>\n<li>Zmniejszona grupa: do 11 pasa\u017cer\u00f3w.<\/li>\n<li>Kanapki i napoje wliczone w cen\u0119 (woda, fanta cytrynowa i pomara\u0144czowa, cola, bia\u0142e wino i piwo).<\/li>\n<li>Przystanek p\u0142ywania.<\/li>\n<li>Sprz\u0119t do snorkelingu.<\/li>\n<\/ul>\n<p><strong>NIE WLICZONE W CEN\u0118:<br \/>\n<\/strong><\/p>\n<ul>\n<li>R\u0119czniki<\/li>\n<li>Transport<\/li>\n<\/ul>\n<\/div><\/div><\/div><\/div><\/div><\/div><\/section>\n","protected":false},"excerpt":{"rendered":"<p>Do\u0142\u0105cz do ekskluzywnego 3-godzinnego rejsu tylko dla 11 os\u00f3b: zobacz wieloryby i delfiny, pop\u0142ywaj i stw\u00f3rz niezapomniane wspomnienia na otwartym morzu!<\/p>\n","protected":false},"featured_media":111722,"template":"","meta":{"_acf_changed":false,"_joinchat":[]},"product_brand":[],"product_cat":[310,320],"product_tag":[311],"class_list":{"0":"post-111572","1":"product","2":"type-product","3":"status-publish","4":"has-post-thumbnail","6":"product_cat-obserwacja-wielorybow","7":"product_cat-prywatne-czartery","8":"product_tag-karty-domowe","9":"pa_depart-from-na-poludnie-od-wyspy","11":"first","12":"instock","13":"virtual","14":"sold-individually","15":"purchasable","16":"product-type-booking"},"acf":[],"_links":{"self":[{"href":"https:\/\/thetenerifechannel.com\/pl\/wp-json\/wp\/v2\/product\/111572","targetHints":{"allow":["GET"]}}],"collection":[{"href":"https:\/\/thetenerifechannel.com\/pl\/wp-json\/wp\/v2\/product"}],"about":[{"href":"https:\/\/thetenerifechannel.com\/pl\/wp-json\/wp\/v2\/types\/product"}],"wp:featuredmedia":[{"embeddable":true,"href":"https:\/\/thetenerifechannel.com\/pl\/wp-json\/wp\/v2\/media\/111722"}],"wp:attachment":[{"href":"https:\/\/thetenerifechannel.com\/pl\/wp-json\/wp\/v2\/media?parent=111572"}],"wp:term":[{"taxonomy":"product_brand","embeddable":true,"href":"https:\/\/thetenerifechannel.com\/pl\/wp-json\/wp\/v2\/product_brand?post=111572"},{"taxonomy":"product_cat","embeddable":true,"href":"https:\/\/thetenerifechannel.com\/pl\/wp-json\/wp\/v2\/product_cat?post=111572"},{"taxonomy":"product_tag","embeddable":true,"href":"https:\/\/thetenerifechannel.com\/pl\/wp-json\/wp\/v2\/product_tag?post=111572"}],"curies":[{"name":"wp","href":"https:\/\/api.w.org\/{rel}","templated":true}]}}