{"id":111609,"date":"2026-02-19T13:09:42","date_gmt":"2026-02-19T13:09:42","guid":{"rendered":"https:\/\/thetenerifechannel.com\/?post_type=product&#038;p=111609"},"modified":"2026-03-09T15:02:15","modified_gmt":"2026-03-09T15:02:15","slug":"fajna-zaglowka-copy","status":"publish","type":"product","link":"https:\/\/thetenerifechannel.com\/pl\/excursions\/fajna-zaglowka-copy\/","title":{"rendered":"White Dreams (\u0142\u00f3d\u017a motorowa)"},"content":{"rendered":"<section class=\"l-section wpb_row height_huge\"><div class=\"l-section-h i-cf\"><div class=\"g-cols vc_row via_grid cols_1 laptops-cols_inherit tablets-cols_inherit mobiles-cols_1 valign_top type_default stacking_default\"><div class=\"wpb_column vc_column_container\"><div class=\"vc_column-inner\"><div class=\"wpb_text_column\"><div class=\"wpb_wrapper\"><p data-start=\"96\" data-end=\"348\">Wejd\u017a na pok\u0142ad motor\u00f3wki White Dream w Puerto Col\u00f3n, Costa Adeje, na niezapomnian\u0105 3-godzinn\u0105 przygod\u0119 z ma\u0142\u0105 grup\u0105 do 12 os\u00f3b. Zrelaksuj si\u0119 na pok\u0142adzie przy orze\u017awiaj\u0105cych napojach i pysznym jedzeniu podczas rejsu wzd\u0142u\u017c osza\u0142amiaj\u0105cego wybrze\u017ca Teneryfy. <\/p>\n<p data-start=\"350\" data-end=\"553\">Podczas g\u0142\u00f3wnej cz\u0119\u015bci rejsu mo\u017cna obserwowa\u0107 wieloryby i delfiny, a tak\u017ce zanurzy\u0107 si\u0119 w krystalicznie czystych wodach z zapewnionym sprz\u0119tem do snorkelingu. Idealne po\u0142\u0105czenie emocji, zabawy i relaksu na morzu! <\/p>\n<p>&nbsp;<\/p>\n<p><strong>W ZESTAWIE:<\/strong><\/p>\n<ul>\n<li>Zmniejszona grupa: do 12 pasa\u017cer\u00f3w.<\/li>\n<li>Napoje <em>(woda, fanta cytrynowa i pomara\u0144czowa, cola, cola zero, sprite, bia\u0142e wino, piwo i cava)<\/em> i jedzenie wliczone w cen\u0119 <em>(tapas &#8211; pizza, omlet hiszpa\u0144ski, ser, szynka serrano, schab peklowany, salami, chorizo; tak\u017ce owoce, przek\u0105ski i pieczywo)<\/em>.<\/li>\n<li>Przystanek p\u0142ywania.<\/li>\n<li>Sprz\u0119t do snorkelingu.<\/li>\n<\/ul>\n<p><strong>NIE WLICZONE W CEN\u0118:<br \/>\n<\/strong><\/p>\n<ul>\n<li>R\u0119czniki<\/li>\n<li>Transport<\/li>\n<\/ul>\n<\/div><\/div><\/div><\/div><\/div><\/div><\/section>\n","protected":false},"excerpt":{"rendered":"<p data-pm-slice=\"1 1 []\">Wyrusz w niezapomniany 3-godzinny rejs dla zaledwie 12 os\u00f3b! Wypatruj wieloryb\u00f3w i delfin\u00f3w, zanurz si\u0119 w krystalicznie czystej wodzie i stw\u00f3rz wspomnienia na ca\u0142e \u017cycie! <\/p>\n","protected":false},"featured_media":111764,"template":"","meta":{"_acf_changed":false,"_joinchat":[]},"product_brand":[],"product_cat":[310,320],"product_tag":[311],"class_list":{"0":"post-111609","1":"product","2":"type-product","3":"status-publish","4":"has-post-thumbnail","6":"product_cat-obserwacja-wielorybow","7":"product_cat-prywatne-czartery","8":"product_tag-karty-domowe","9":"pa_depart-from-na-poludnie-od-wyspy","11":"first","12":"instock","13":"virtual","14":"sold-individually","15":"purchasable","16":"product-type-booking"},"acf":[],"_links":{"self":[{"href":"https:\/\/thetenerifechannel.com\/pl\/wp-json\/wp\/v2\/product\/111609","targetHints":{"allow":["GET"]}}],"collection":[{"href":"https:\/\/thetenerifechannel.com\/pl\/wp-json\/wp\/v2\/product"}],"about":[{"href":"https:\/\/thetenerifechannel.com\/pl\/wp-json\/wp\/v2\/types\/product"}],"wp:featuredmedia":[{"embeddable":true,"href":"https:\/\/thetenerifechannel.com\/pl\/wp-json\/wp\/v2\/media\/111764"}],"wp:attachment":[{"href":"https:\/\/thetenerifechannel.com\/pl\/wp-json\/wp\/v2\/media?parent=111609"}],"wp:term":[{"taxonomy":"product_brand","embeddable":true,"href":"https:\/\/thetenerifechannel.com\/pl\/wp-json\/wp\/v2\/product_brand?post=111609"},{"taxonomy":"product_cat","embeddable":true,"href":"https:\/\/thetenerifechannel.com\/pl\/wp-json\/wp\/v2\/product_cat?post=111609"},{"taxonomy":"product_tag","embeddable":true,"href":"https:\/\/thetenerifechannel.com\/pl\/wp-json\/wp\/v2\/product_tag?post=111609"}],"curies":[{"name":"wp","href":"https:\/\/api.w.org\/{rel}","templated":true}]}}