{"id":113234,"date":"2024-07-03T08:58:47","date_gmt":"2024-07-03T08:58:47","guid":{"rendered":"https:\/\/thetenerifechannel.com\/excursions\/siam-night\/"},"modified":"2026-03-09T13:57:39","modified_gmt":"2026-03-09T13:57:39","slug":"siam-night","status":"publish","type":"product","link":"https:\/\/thetenerifechannel.com\/pl\/excursions\/siam-night\/","title":{"rendered":"Siam Night"},"content":{"rendered":"<section class=\"l-section wpb_row height_huge\"><div class=\"l-section-h i-cf\"><div class=\"g-cols vc_row via_grid cols_1 laptops-cols_inherit tablets-cols_inherit mobiles-cols_1 valign_top type_default stacking_default\"><div class=\"wpb_column vc_column_container\"><div class=\"vc_column-inner\"><div class=\"wpb_text_column\"><div class=\"wpb_wrapper\"><p data-start=\"116\" data-end=\"375\">Prze\u017cyj dreszczyk emocji w Siam Park, wyj\u0105tkowym tropikalnym parku wodnym. Ciesz si\u0119 muzyk\u0105 DJ-a, \u017cywymi \u015bwiat\u0142ami, laserami we mgle, efektami ognia i zabawnymi cieniami. Zje\u017cd\u017caj po zakr\u0119conych zje\u017cd\u017calniach wodnych, p\u0142ywaj po leniwej rzece i zrelaksuj si\u0119 na piaszczystej pla\u017cy.  <\/p>\n<p data-start=\"116\" data-end=\"375\">W lipcu i sierpniu Siam Night przekszta\u0142ca park w magiczny \u015bwiat emocji i zabawy, w kt\u00f3rym basen z falami rozbija si\u0119, a leniwa rzeka ujawnia swoje sekrety.<\/p>\n<p>Otwarte od 8:00 do 12:00<\/p>\n<p>Nie przegap tego niezapomnianego do\u015bwiadczenia!<\/p>\n<p><strong>W zestawie:<\/strong><\/p>\n<ul>\n<li>Bilet wst\u0119pu QR.<\/li>\n<li>Bezp\u0142atny autobus z odbiorem w Los Cristianos, Las Americas i Costa Adeje.<\/li>\n<\/ul>\n<p>*Od wtorku do soboty w lipcu i sierpniu, od 20:00 do 12:00.<br \/>\n* Osoby poni\u017cej 16 roku \u017cycia musz\u0105 by\u0107 pod opiek\u0105 osoby doros\u0142ej.<\/p>\n<\/div><\/div><\/div><\/div><\/div><\/div><\/section>\n","protected":false},"excerpt":{"rendered":"<p><span>Odkryj magi\u0119 Siam Park po zmroku dzi\u0119ki Siam Night. Najwy\u017cej oceniany park wodny na \u015bwiecie zamienia si\u0119 w nocny raj. Ciesz si\u0119 muzyk\u0105 DJ-a, ol\u015bniewaj\u0105cymi \u015bwiat\u0142ami, pokazami laserowymi i ekscytuj\u0105cymi przeja\u017cd\u017ckami wodnymi pod gwiazdami.  <\/span><\/p>\n","protected":false},"featured_media":113289,"template":"","meta":{"_acf_changed":false,"_joinchat":[]},"product_brand":[],"product_cat":[327,329],"product_tag":[],"class_list":{"0":"post-113234","1":"product","2":"type-product","3":"status-publish","4":"has-post-thumbnail","6":"product_cat-bilety-do-parkow-rozrywki","7":"product_cat-siam-park","8":"pa_depart-from-na-poludnie-od-wyspy","9":"pa_depart-from-polnoc-wyspy","11":"first","12":"instock","13":"virtual","14":"sold-individually","15":"purchasable","16":"product-type-booking"},"acf":[],"_links":{"self":[{"href":"https:\/\/thetenerifechannel.com\/pl\/wp-json\/wp\/v2\/product\/113234","targetHints":{"allow":["GET"]}}],"collection":[{"href":"https:\/\/thetenerifechannel.com\/pl\/wp-json\/wp\/v2\/product"}],"about":[{"href":"https:\/\/thetenerifechannel.com\/pl\/wp-json\/wp\/v2\/types\/product"}],"wp:featuredmedia":[{"embeddable":true,"href":"https:\/\/thetenerifechannel.com\/pl\/wp-json\/wp\/v2\/media\/113289"}],"wp:attachment":[{"href":"https:\/\/thetenerifechannel.com\/pl\/wp-json\/wp\/v2\/media?parent=113234"}],"wp:term":[{"taxonomy":"product_brand","embeddable":true,"href":"https:\/\/thetenerifechannel.com\/pl\/wp-json\/wp\/v2\/product_brand?post=113234"},{"taxonomy":"product_cat","embeddable":true,"href":"https:\/\/thetenerifechannel.com\/pl\/wp-json\/wp\/v2\/product_cat?post=113234"},{"taxonomy":"product_tag","embeddable":true,"href":"https:\/\/thetenerifechannel.com\/pl\/wp-json\/wp\/v2\/product_tag?post=113234"}],"curies":[{"name":"wp","href":"https:\/\/api.w.org\/{rel}","templated":true}]}}