{"id":113297,"date":"2025-05-06T17:43:25","date_gmt":"2025-05-06T17:43:25","guid":{"rendered":"https:\/\/thetenerifechannel.com\/excursions\/siam-day-night\/"},"modified":"2026-03-09T15:03:48","modified_gmt":"2026-03-09T15:03:48","slug":"siam-day-night","status":"publish","type":"product","link":"https:\/\/thetenerifechannel.com\/pl\/excursions\/siam-day-night\/","title":{"rendered":"Siam Day &amp; Night"},"content":{"rendered":"<section class=\"l-section wpb_row height_huge\"><div class=\"l-section-h i-cf\"><div class=\"g-cols vc_row via_grid cols_1 laptops-cols_inherit tablets-cols_inherit mobiles-cols_1 valign_top type_default stacking_default\"><div class=\"wpb_column vc_column_container\"><div class=\"vc_column-inner\"><div class=\"wpb_text_column\"><div class=\"wpb_wrapper\"><p class=\"\" data-start=\"181\" data-end=\"341\">Prze\u017cyj Siam Park jak nigdy dot\u0105d dzi\u0119ki Siam Day &amp; Night Ticket, ekskluzywnej przepustce do korzystania z parku wodnego nr 1 na \u015bwiecie pod s\u0142o\u0144cem i gwiazdami.<br \/>\nBilet ten pozwala odwiedzi\u0107 park dwukrotnie &#8211; raz w ci\u0105gu dnia i ponownie w nocy, kiedy park przekszta\u0142ca si\u0119 w magiczn\u0105 krain\u0119 czar\u00f3w z nastrojowym o\u015bwietleniem i zupe\u0142nie now\u0105 atmosfer\u0105. Ciesz si\u0119  <span style=\"letter-spacing: 0em;\">to, co najlepsze z obu \u015bwiat\u00f3w.<br \/>\nTen bilet umo\u017cliwia dost\u0119p do parku w dw\u00f3ch r\u00f3\u017cnych terminach: tego samego dnia lub w r\u00f3\u017cnych dniach. Je\u015bli korzystasz z niego tego samego dnia, musisz opu\u015bci\u0107 park o 18:00 i wr\u00f3ci\u0107 o 20:00 .<br \/>\n<\/span><\/p>\n<p><strong style=\"letter-spacing: 0em;\">W zestawie:<\/strong><\/p>\n<ul>\n<li>Bilet wst\u0119pu QR.<\/li>\n<li>Bezp\u0142atny autobus z odbiorem w Los Cristianos, Las Americas i Costa Adeje.<\/li>\n<li>Korzystanie z le\u017cak\u00f3w, kamizelek ratunkowych i parasoli.<\/li>\n<li>Dost\u0119p do wszystkich atrakcji.<\/li>\n<\/ul>\n<p><strong>Nie zawiera:<\/strong><\/p>\n<ul>\n<li>Jedzenie i napoje<\/li>\n<li>Wynajem szafek i r\u0119cznik\u00f3w<\/li>\n<li>Miejsca parkingowe<\/li>\n<\/ul>\n<\/div><\/div><\/div><\/div><\/div><\/div><\/section>\n","protected":false},"excerpt":{"rendered":"<p>Prze\u017cyj niezapomniany dzie\u0144 w Siam Park, jednym z najlepszych park\u00f3w wodnych na \u015bwiecie, kt\u00f3ry obiecuje dzie\u0144 pe\u0142en emocji, wra\u017ce\u0144 i nieko\u0144cz\u0105cej si\u0119 zabawy dla wszystkich grup wiekowych.<\/p>\n","protected":false},"featured_media":113320,"template":"","meta":{"_acf_changed":false,"_joinchat":[]},"product_brand":[],"product_cat":[327,329],"product_tag":[311],"class_list":{"0":"post-113297","1":"product","2":"type-product","3":"status-publish","4":"has-post-thumbnail","6":"product_cat-bilety-do-parkow-rozrywki","7":"product_cat-siam-park","8":"product_tag-karty-domowe","9":"pa_depart-from-na-poludnie-od-wyspy","11":"first","12":"instock","13":"virtual","14":"sold-individually","15":"purchasable","16":"product-type-booking"},"acf":[],"_links":{"self":[{"href":"https:\/\/thetenerifechannel.com\/pl\/wp-json\/wp\/v2\/product\/113297","targetHints":{"allow":["GET"]}}],"collection":[{"href":"https:\/\/thetenerifechannel.com\/pl\/wp-json\/wp\/v2\/product"}],"about":[{"href":"https:\/\/thetenerifechannel.com\/pl\/wp-json\/wp\/v2\/types\/product"}],"wp:featuredmedia":[{"embeddable":true,"href":"https:\/\/thetenerifechannel.com\/pl\/wp-json\/wp\/v2\/media\/113320"}],"wp:attachment":[{"href":"https:\/\/thetenerifechannel.com\/pl\/wp-json\/wp\/v2\/media?parent=113297"}],"wp:term":[{"taxonomy":"product_brand","embeddable":true,"href":"https:\/\/thetenerifechannel.com\/pl\/wp-json\/wp\/v2\/product_brand?post=113297"},{"taxonomy":"product_cat","embeddable":true,"href":"https:\/\/thetenerifechannel.com\/pl\/wp-json\/wp\/v2\/product_cat?post=113297"},{"taxonomy":"product_tag","embeddable":true,"href":"https:\/\/thetenerifechannel.com\/pl\/wp-json\/wp\/v2\/product_tag?post=113297"}],"curies":[{"name":"wp","href":"https:\/\/api.w.org\/{rel}","templated":true}]}}