{"id":115128,"date":"2026-03-11T11:41:28","date_gmt":"2026-03-11T11:41:28","guid":{"rendered":"https:\/\/thetenerifechannel.com\/?post_type=product&#038;p=115128"},"modified":"2026-04-09T05:22:06","modified_gmt":"2026-04-09T05:22:06","slug":"fiat-500-offshore-copy","status":"publish","type":"product","link":"https:\/\/thetenerifechannel.com\/pl\/excursions\/fiat-500-offshore-copy\/","title":{"rendered":"Ocean Karts"},"content":{"rendered":"<p data-start=\"145\" data-end=\"300\">Prze\u017cyj niesamowit\u0105 wodn\u0105 przygod\u0119 na Teneryfie!<br data-start=\"129\" data-end=\"132\">Zasi\u0105d\u017a za sterami w\u0142asnego Aqua Race Kart &#8211; ekscytuj\u0105cej jednoosobowej \u0142odzi odrzutowej z peda\u0142em gazu, kube\u0142kowym fotelem w stylu wy\u015bcigowym i kierownic\u0105 inspirowan\u0105 Formu\u0142\u0105 1.<br data-start=\"318\" data-end=\"321\" data-is-only-node=\"\">Wybierz 20, 30 lub 40 minut emocji, swobodnie \u015blizgaj\u0105c si\u0119 po falach z niezr\u00f3wnan\u0105 stabilno\u015bci\u0105 i wydajno\u015bci\u0105.<\/p>\n<p data-start=\"145\" data-end=\"300\">Zarezerwuj ju\u017c teraz i ciesz si\u0119 wolno\u015bci\u0105, adrenalin\u0105 i zabaw\u0105 tego wyj\u0105tkowego oceanicznego gokarta!<\/p>\n<p data-start=\"145\" data-end=\"300\"><span class=\"x19la9d6 x1fc57z9 x6ikm8r x10wlt62 x19co3pv x11tp94h xfibh0p xiy17q3 x1xsqp64 x1lkfr7t xexx8yu xyri2b x18d9i69 x1c1uobl\"><span class=\"xrtxmta x1bhl96m\">\ud83d\udccd<\/span><\/span>Miejsce spotkania: Amarilla Golf<\/p>\n<ul>\n<li>Jedna osoba na gokarta,<\/li>\n<li>Kierowca: minimum 16 lat,<\/li>\n<li>Maksymalna waga: 90 kg,<\/li>\n<li>Zdj\u0119cia w wersji SILVER, zdj\u0119cia i filmy w wersji GOLD.<\/li>\n<\/ul>\n","protected":false},"excerpt":{"rendered":"<p>Zasi\u0105d\u017a za sterami swojego w\u0142asnego Aqua Race Kart na Teneryfie i ciesz si\u0119 od 20 do 40 minut czystej adrenaliny, wolno\u015bci i zabawy na falach!<\/p>\n","protected":false},"featured_media":115154,"template":"","meta":{"_acf_changed":false,"_joinchat":[]},"product_brand":[],"product_cat":[308],"product_tag":[372,375,374,373,376,377],"class_list":{"0":"post-115128","1":"product","2":"type-product","3":"status-publish","4":"has-post-thumbnail","6":"product_cat-sporty-wodne","7":"product_tag-a-group-couples","8":"product_tag-a-group-solo","9":"product_tag-a-grupa-przyjaciol","10":"product_tag-a-grupa-rodziny","11":"product_tag-a-vibe-adventure","12":"product_tag-a-vibe-boats-2","14":"first","15":"instock","16":"sold-individually","17":"shipping-taxable","18":"purchasable","19":"product-type-booking"},"acf":[],"_links":{"self":[{"href":"https:\/\/thetenerifechannel.com\/pl\/wp-json\/wp\/v2\/product\/115128","targetHints":{"allow":["GET"]}}],"collection":[{"href":"https:\/\/thetenerifechannel.com\/pl\/wp-json\/wp\/v2\/product"}],"about":[{"href":"https:\/\/thetenerifechannel.com\/pl\/wp-json\/wp\/v2\/types\/product"}],"wp:featuredmedia":[{"embeddable":true,"href":"https:\/\/thetenerifechannel.com\/pl\/wp-json\/wp\/v2\/media\/115154"}],"wp:attachment":[{"href":"https:\/\/thetenerifechannel.com\/pl\/wp-json\/wp\/v2\/media?parent=115128"}],"wp:term":[{"taxonomy":"product_brand","embeddable":true,"href":"https:\/\/thetenerifechannel.com\/pl\/wp-json\/wp\/v2\/product_brand?post=115128"},{"taxonomy":"product_cat","embeddable":true,"href":"https:\/\/thetenerifechannel.com\/pl\/wp-json\/wp\/v2\/product_cat?post=115128"},{"taxonomy":"product_tag","embeddable":true,"href":"https:\/\/thetenerifechannel.com\/pl\/wp-json\/wp\/v2\/product_tag?post=115128"}],"curies":[{"name":"wp","href":"https:\/\/api.w.org\/{rel}","templated":true}]}}