{"id":121004,"date":"2026-04-09T10:15:28","date_gmt":"2026-04-09T10:15:28","guid":{"rendered":"https:\/\/thetenerifechannel.com\/?post_type=product&#038;p=121004"},"modified":"2026-04-10T09:36:45","modified_gmt":"2026-04-10T09:36:45","slug":"royal-delfin-2-godzinny-rejs-po-atlantyku-copy","status":"publish","type":"product","link":"https:\/\/thetenerifechannel.com\/pl\/excursions\/royal-delfin-2-godzinny-rejs-po-atlantyku-copy\/","title":{"rendered":"Vision Submarine"},"content":{"rendered":"<section class=\"l-section wpb_row height_huge\"><div class=\"l-section-h i-cf\"><div class=\"g-cols vc_row via_grid cols_1 laptops-cols_inherit tablets-cols_inherit mobiles-cols_1 valign_top type_default stacking_default\"><div class=\"wpb_column vc_column_container\"><div class=\"vc_column-inner\"><div class=\"wpb_text_column\"><div class=\"wpb_wrapper\"><p>Ciesz si\u0119 spokojnym, pe\u0142nym szacunku 2-godzinnym do\u015bwiadczeniem morskim na du\u017cym, stabilnym katamaranie z w pe\u0142ni licencjonowan\u0105 \u0142odzi\u0105 podwodn\u0105 Vision w Los Cristianos. Dzi\u0119ki ponad 40-letniemu do\u015bwiadczeniu gwarantujemy podej\u015bcie bez po\u015bcigu, stawiaj\u0105c na pierwszym miejscu dobro \u017cycia morskiego, zapewniaj\u0105c jednocze\u015bnie bezpieczn\u0105 i p\u0142ynn\u0105 jazd\u0119. Ta wycieczka rozpoczyna si\u0119 w porcie Los Cristianos.  <\/p>\n<p data-start=\"76\" data-end=\"133\"><strong data-start=\"76\" data-end=\"131\">VISION SUBMARINE &#8211; Etyczna obserwacja wieloryb\u00f3w i delfin\u00f3w<\/strong><\/p>\n<p data-start=\"135\" data-end=\"393\">Nasze wycieczki stawiaj\u0105 dobro \u017cycia morskiego ponad wszystko inne. W przeciwie\u0144stwie do wielu operator\u00f3w, kt\u00f3rzy twierdz\u0105, \u017ce &#8220;nie \u015bcigaj\u0105&#8221;, ale nadal stresuj\u0105 zwierz\u0119ta, naprawd\u0119 szanujemy wieloryby i delfiny: nigdy ich nie \u015bcigamy, nie boksujemy ani nie wywieramy na nie presji i obserwujemy ca\u0142kowicie na ich warunkach. <\/p>\n<p data-start=\"395\" data-end=\"686\">Dzi\u0119ki ponad 40-letniemu do\u015bwiadczeniu, du\u017cemu stabilnemu katamaranowi i w pe\u0142ni licencjonowanej \u0142odzi podwodnej Vision Submarine w Los Cristianos, oferujemy spokojne, odpowiedzialne, 2-godzinne do\u015bwiadczenie dzikiej przyrody. Wsp\u00f3\u0142pracujemy z organizacjami takimi jak Captain Paul Watson Foundation UK, aby zapewni\u0107 ochron\u0119 nad zyskiem. <\/p>\n<p data-start=\"688\" data-end=\"866\">Odpowiedzialna turystyka oznacza stawianie zwierz\u0105t na pierwszym miejscu, akceptowanie ogranicze\u0144, uczciw\u0105 edukacj\u0119 i konsekwentne dzia\u0142anie. Dla nas dzika przyroda nie jest produktem &#8211; to przywilej bycia jej \u015bwiadkiem. <\/p>\n<p><strong style=\"letter-spacing: 0em;\">W zestawie:<\/strong><\/p>\n<ul style=\"list-style-type: disc;\">\n<li>Bilet elektroniczny.<\/li>\n<li><span>Katamaran Vision Submarine zapewniaj\u0105cy stabilno\u015b\u0107.<\/span><\/li>\n<li><span>Bardzo stabilny katamaran z wewn\u0119trznym salonem, aby m\u00f3c ca\u0142kowicie schroni\u0107 si\u0119 przed s\u0142o\u0144cem lub wiatrem.<\/span><\/li>\n<li>Specjalistyczni przewodnicy na pok\u0142adzie.<\/li>\n<li><span>Surowa polityka &#8220;nie \u015bcigaj Safari&#8221;, zawsze stawiaj\u0105ca \u017cycie morskie na pierwszym miejscu.<\/span><\/li>\n<li><span>Legalne zezwolenia na obserwacj\u0119 wieloryb\u00f3w najnowszy sprz\u0119t bezpiecze\u0144stwa na pok\u0142adzie<\/span><\/li>\n<\/ul>\n<p><strong>Brak w zestawie:<\/strong><\/p>\n<ul>\n<li><span>2-godzinne wycieczki z nale\u017cytym szacunkiem dla wieloryb\u00f3w i delfin\u00f3w nie maj\u0105 czasu na zatrzymanie si\u0119 na p\u0142ywanie, dlatego nie oferujemy tego, musisz da\u0107 im czas na podj\u0119cie decyzji, czy chc\u0105 si\u0119 zbli\u017cy\u0107, czy nie.<\/span><\/li>\n<li><span>Napoje i przek\u0105ski<\/span><\/li>\n<\/ul>\n<\/div><\/div><\/div><\/div><\/div><\/div><\/section>\n","protected":false},"excerpt":{"rendered":"<p><span>Vision Submarine 100% No Chase, Respectful Tours Guaranteed.<br \/>\n<\/span>Obserwuj wieloryby i delfiny we w\u0142a\u015bciwy spos\u00f3b na Teneryfie podczas 2-godzinnej wycieczki &#8211; oryginalnego safari bez po\u015bcigu, z szacunkiem, stawiaj\u0105cego \u017cycie morskie na pierwszym miejscu, na du\u017cej, stabilnej \u0142odzi podwodnej Vision, z prawdziwym zaanga\u017cowaniem w ochron\u0119 \u017cycia morskiego.<\/p>\n","protected":false},"featured_media":121011,"template":"","meta":{"_acf_changed":false,"_joinchat":[]},"product_brand":[],"product_cat":[310],"product_tag":[],"class_list":{"0":"post-121004","1":"product","2":"type-product","3":"status-publish","4":"has-post-thumbnail","6":"product_cat-obserwacja-wielorybow","7":"pa_depart-from-na-poludnie-od-wyspy","9":"first","10":"instock","11":"virtual","12":"sold-individually","13":"purchasable","14":"product-type-booking"},"acf":[],"_links":{"self":[{"href":"https:\/\/thetenerifechannel.com\/pl\/wp-json\/wp\/v2\/product\/121004","targetHints":{"allow":["GET"]}}],"collection":[{"href":"https:\/\/thetenerifechannel.com\/pl\/wp-json\/wp\/v2\/product"}],"about":[{"href":"https:\/\/thetenerifechannel.com\/pl\/wp-json\/wp\/v2\/types\/product"}],"wp:featuredmedia":[{"embeddable":true,"href":"https:\/\/thetenerifechannel.com\/pl\/wp-json\/wp\/v2\/media\/121011"}],"wp:attachment":[{"href":"https:\/\/thetenerifechannel.com\/pl\/wp-json\/wp\/v2\/media?parent=121004"}],"wp:term":[{"taxonomy":"product_brand","embeddable":true,"href":"https:\/\/thetenerifechannel.com\/pl\/wp-json\/wp\/v2\/product_brand?post=121004"},{"taxonomy":"product_cat","embeddable":true,"href":"https:\/\/thetenerifechannel.com\/pl\/wp-json\/wp\/v2\/product_cat?post=121004"},{"taxonomy":"product_tag","embeddable":true,"href":"https:\/\/thetenerifechannel.com\/pl\/wp-json\/wp\/v2\/product_tag?post=121004"}],"curies":[{"name":"wp","href":"https:\/\/api.w.org\/{rel}","templated":true}]}}