{"id":122882,"date":"2026-04-16T12:36:51","date_gmt":"2026-04-16T12:36:51","guid":{"rendered":"https:\/\/thetenerifechannel.com\/?post_type=product&#038;p=122882"},"modified":"2026-04-17T12:50:28","modified_gmt":"2026-04-17T12:50:28","slug":"jungle-park-copy","status":"publish","type":"product","link":"https:\/\/thetenerifechannel.com\/pl\/excursions\/jungle-park-copy\/","title":{"rendered":"Monkey Park"},"content":{"rendered":"<section class=\"l-section wpb_row height_huge\"><div class=\"l-section-h i-cf\"><div class=\"g-cols vc_row via_grid cols_1 laptops-cols_inherit tablets-cols_inherit mobiles-cols_1 valign_top type_default stacking_default\"><div class=\"wpb_column vc_column_container\"><div class=\"vc_column-inner\"><div class=\"wpb_text_column\"><div class=\"wpb_wrapper\"><p data-pm-slice=\"1 1 &#091;&#093;\">Poznaj zwierz\u0119ta w Monkey Park!<br \/>\nOd zabawnych naczelnych po egzotyczne ptaki &#8211; ka\u017cdy z nich ma swoj\u0105 w\u0142asn\u0105, unikaln\u0105 histori\u0119 i osobowo\u015b\u0107. Odkryj r\u00f3\u017cnorodno\u015b\u0107 ich mieszka\u0144c\u00f3w oraz opiek\u0119 i mi\u0142o\u015b\u0107, jak\u0105 otrzymuj\u0105 ka\u017cdego dnia. Odkryj i zakochaj si\u0119 w niesamowitej rodzinie zwierz\u0105t!  <\/p>\n<p><em>Czynne codziennie od 09:30 do 16:00. (15:30 b\u0119dzie ostatnim czasem wej\u015bcia do parku).<br \/>\n<\/em><\/p>\n<p>&nbsp;<\/p>\n<p><strong data-start=\"84\" data-end=\"117\">Wskaz\u00f3wki dotycz\u0105ce wizyty w Monkey Park:<\/strong><\/p>\n<ul style=\"list-style-type: disc;\">\n<li>Park jest niewielki i mo\u017cna go zwiedzi\u0107 w oko\u0142o godzin\u0119.<\/li>\n<li>R\u00f3\u017cnorodno\u015b\u0107 gatunk\u00f3w nie jest zbyt du\u017ca, poniewa\u017c jego misj\u0105 jest opieka nad zwierz\u0119tami i pomoc w ochronie zagro\u017conych gatunk\u00f3w.<\/li>\n<li>Obszary interakcji pozwalaj\u0105 odwiedzaj\u0105cym zbli\u017cy\u0107 si\u0119 do zwierz\u0105t, ale nie wolno ich dotyka\u0107 &#8211; s\u0105 to dzikie zwierz\u0119ta, a nie zwierz\u0119ta domowe.<\/li>\n<li>Zwierz\u0119ta mo\u017cna karmi\u0107 sprzedawanymi przez nas przek\u0105skami, ale nigdy nie wolno karmi\u0107 ich jedzeniem przyniesionym spoza parku.<\/li>\n<\/ul>\n<\/div><\/div><\/div><\/div><\/div><\/div><\/section>\n","protected":false},"excerpt":{"rendered":"<p>Prze\u017cyj co\u015b wyj\u0105tkowego!<br data-start=\"406\" data-end=\"409\">W Monkey Park b\u0119dziesz cieszy\u0107 si\u0119 niezapomnianym bliskim spotkaniem ze zwierz\u0119tami. Odkryj ich pi\u0119kno i dowiedz si\u0119 wi\u0119cej o nich z bliska. <\/p>\n","protected":false},"featured_media":123150,"template":"","meta":{"_acf_changed":false,"_joinchat":[]},"product_brand":[],"product_cat":[327],"product_tag":[372,374,373,451],"class_list":{"0":"post-122882","1":"product","2":"type-product","3":"status-publish","4":"has-post-thumbnail","6":"product_cat-bilety-do-parkow-rozrywki","7":"product_tag-a-group-couples","8":"product_tag-a-grupa-przyjaciol","9":"product_tag-a-grupa-rodziny","10":"product_tag-a-vibe-parks","11":"pa_depart-from-na-poludnie-od-wyspy","13":"first","14":"instock","15":"virtual","16":"sold-individually","17":"purchasable","18":"product-type-booking"},"acf":[],"_links":{"self":[{"href":"https:\/\/thetenerifechannel.com\/pl\/wp-json\/wp\/v2\/product\/122882","targetHints":{"allow":["GET"]}}],"collection":[{"href":"https:\/\/thetenerifechannel.com\/pl\/wp-json\/wp\/v2\/product"}],"about":[{"href":"https:\/\/thetenerifechannel.com\/pl\/wp-json\/wp\/v2\/types\/product"}],"wp:featuredmedia":[{"embeddable":true,"href":"https:\/\/thetenerifechannel.com\/pl\/wp-json\/wp\/v2\/media\/123150"}],"wp:attachment":[{"href":"https:\/\/thetenerifechannel.com\/pl\/wp-json\/wp\/v2\/media?parent=122882"}],"wp:term":[{"taxonomy":"product_brand","embeddable":true,"href":"https:\/\/thetenerifechannel.com\/pl\/wp-json\/wp\/v2\/product_brand?post=122882"},{"taxonomy":"product_cat","embeddable":true,"href":"https:\/\/thetenerifechannel.com\/pl\/wp-json\/wp\/v2\/product_cat?post=122882"},{"taxonomy":"product_tag","embeddable":true,"href":"https:\/\/thetenerifechannel.com\/pl\/wp-json\/wp\/v2\/product_tag?post=122882"}],"curies":[{"name":"wp","href":"https:\/\/api.w.org\/{rel}","templated":true}]}}