{"id":123863,"date":"2026-04-20T13:04:11","date_gmt":"2026-04-20T13:04:11","guid":{"rendered":"https:\/\/thetenerifechannel.com\/excursions\/turystyka-piesza\/"},"modified":"2026-04-21T09:46:46","modified_gmt":"2026-04-21T09:46:46","slug":"turystyka-piesza","status":"publish","type":"product","link":"https:\/\/thetenerifechannel.com\/pl\/excursions\/turystyka-piesza\/","title":{"rendered":"Turystyka piesza"},"content":{"rendered":"<section class=\"l-section wpb_row height_huge\"><div class=\"l-section-h i-cf\"><div class=\"g-cols vc_row via_grid cols_1 laptops-cols_inherit tablets-cols_inherit mobiles-cols_1 valign_top type_default stacking_default\"><div class=\"wpb_column vc_column_container\"><div class=\"vc_column-inner\"><div class=\"wpb_text_column\"><div class=\"wpb_wrapper\"><p><strong><span>W\u0118DR\u00d3WKI LA LAGUNA &#8211; ANAGA <\/span><\/strong><span>&#8211; W ka\u017cdy poniedzia\u0142ek<\/span><\/p>\n<p><span>Ciesz si\u0119 dwugodzinn\u0105 w\u0119dr\u00f3wk\u0105 przez bujny las laurowy Las Mercedes w parku wiejskim Anaga, a nast\u0119pnie czas wolny na zwiedzanie wpisanego na List\u0119 \u015awiatowego Dziedzictwa UNESCO miasta San Crist\u00f3bal de La Laguna.<\/span><\/p>\n<p><u><span>Trudno\u015b\u0107<\/span><\/u><span>2\/6<br \/>\n<u>Czas trwania<\/u> w\u0119dr\u00f3wki: 1h30\/2h00 (czas trwania wycieczki: ca\u0142y dzie\u0144)<br \/>\n<u>Przyrost wysoko\u015bci<\/u>: +300m\/-300m<br \/>\n<\/span><\/p>\n<p>&nbsp;<\/p>\n<p><strong><span>W\u0118DR\u00d3WKI W \u015aWIETLE TEIDE <\/span><\/strong><span>&#8211; W ka\u017cdy czwartek<\/span><\/p>\n<p><span>Odkryj park narodowy Teide, wpisany na list\u0119 \u015bwiatowego dziedzictwa UNESCO, spaceruj\u0105c po &#8220;Roques de Garcia&#8221; mi\u0119dzy strumieniami lawy i formami wulkanicznymi. B\u0119dziemy obserwowa\u0107 flor\u0119 i faun\u0119, a tak\u017ce do\u015bwiadczymy wyj\u0105tkowego do\u015bwiadczenia w otoczeniu niesamowitej mineralnej i wulkanicznej scenerii! <\/span><\/p>\n<p><u><span>Trudno\u015b\u0107<\/span><\/u><span>2\/6<br \/>\n<u>Czas trwania<\/u> w\u0119dr\u00f3wki: 1h30\/2h00 (czas trwania wycieczki: ca\u0142y dzie\u0144)<br \/>\n<u>Przyrost wysoko\u015bci<\/u>: +175m\/-175m<br \/>\n<\/span><\/p>\n<p>&nbsp;<\/p>\n<p><strong><span>CAMINO REAL <\/span><\/strong><span>&#8211; W ka\u017cd\u0105 \u015brod\u0119<\/span><\/p>\n<p><span>Wzd\u0142u\u017c tego starego Camino Real b\u0119dziemy otoczeni wyj\u0105tkow\u0105 przyrod\u0105, b\u0119dziemy mieli imponuj\u0105cy widok na Teide, b\u0119dziemy mogli obserwowa\u0107 endemiczn\u0105 kanaryjsk\u0105 flor\u0119, cieszy\u0107 si\u0119 niesamowitymi krajobrazami.  <\/span><\/p>\n<p><u><span>Trudno\u015b\u0107<\/span><\/u><span>: 3\/6<br \/>\n<u>Miejsce rozpocz\u0119cia<\/u>: Santiago del Teide<br \/>\n<u>Czas trwania<\/u> w\u0119dr\u00f3wki: 3h30\/4h00 (czas trwania wycieczki: ca\u0142y dzie\u0144)<br \/>\n<u>Przewy\u017cszenie<\/u>: +352m\/-352m<\/span><\/p>\n<p><span>&#8212;&#8212;&#8212;&#8212;&#8212;&#8212;&#8212;&#8212;&#8212;&#8212;&#8212;&#8212;-<br \/>\n<\/span><\/p>\n<p><strong>W zestawie:  <\/strong><\/p>\n<ul>\n<li>Przewodnik g\u00f3rski,<\/li>\n<li><span>Transport z miejsca zakwaterowania na po\u0142udniu Teneryfy.<\/span><\/li>\n<\/ul>\n<p><strong><span>Brak w zestawie:<\/span><\/strong><\/p>\n<ul>\n<li><span>Przynie\u015b wod\u0119 i troch\u0119 jedzenia.<\/span><\/li>\n<\/ul>\n<p><span> <\/span><\/p>\n<\/div><\/div><\/div><\/div><\/div><\/div><\/section>\n","protected":false},"excerpt":{"rendered":"<p>Odkryj Teneryf\u0119 pieszo dzi\u0119ki trzem wyj\u0105tkowym w\u0119dr\u00f3wkom: odkryj wulkaniczne krajobrazy Parku <span class=\"hover:entity-accent entity-underline inline cursor-pointer align-baseline\"><span class=\"whitespace-normal\">Parku Narodowego Teide<\/span><\/span>lub spacer po bujnych szlakach <span class=\"hover:entity-accent entity-underline inline cursor-pointer align-baseline\"><span class=\"whitespace-normal\">Parku Wiejskiego Anaga<\/span><\/span>i ciesz si\u0119 spacerem przyrodniczym skoncentrowanym na rodzimych ro\u015blinach i bogatej r\u00f3\u017cnorodno\u015bci biologicznej wyspy. Ka\u017cda trasa odkrywa inn\u0105 stron\u0119 Teneryfy: dzik\u0105, zielon\u0105 i wulkaniczn\u0105 <\/p>\n","protected":false},"featured_media":124001,"template":"","meta":{"_acf_changed":false,"_joinchat":[]},"product_brand":[],"product_cat":[315,314],"product_tag":[],"class_list":{"0":"post-123863","1":"product","2":"type-product","3":"status-publish","4":"has-post-thumbnail","6":"product_cat-przygoda-z-natura","7":"product_cat-wycieczki-na-teneryfe","9":"first","10":"instock","11":"sold-individually","12":"shipping-taxable","13":"purchasable","14":"product-type-booking"},"acf":[],"_links":{"self":[{"href":"https:\/\/thetenerifechannel.com\/pl\/wp-json\/wp\/v2\/product\/123863","targetHints":{"allow":["GET"]}}],"collection":[{"href":"https:\/\/thetenerifechannel.com\/pl\/wp-json\/wp\/v2\/product"}],"about":[{"href":"https:\/\/thetenerifechannel.com\/pl\/wp-json\/wp\/v2\/types\/product"}],"wp:featuredmedia":[{"embeddable":true,"href":"https:\/\/thetenerifechannel.com\/pl\/wp-json\/wp\/v2\/media\/124001"}],"wp:attachment":[{"href":"https:\/\/thetenerifechannel.com\/pl\/wp-json\/wp\/v2\/media?parent=123863"}],"wp:term":[{"taxonomy":"product_brand","embeddable":true,"href":"https:\/\/thetenerifechannel.com\/pl\/wp-json\/wp\/v2\/product_brand?post=123863"},{"taxonomy":"product_cat","embeddable":true,"href":"https:\/\/thetenerifechannel.com\/pl\/wp-json\/wp\/v2\/product_cat?post=123863"},{"taxonomy":"product_tag","embeddable":true,"href":"https:\/\/thetenerifechannel.com\/pl\/wp-json\/wp\/v2\/product_tag?post=123863"}],"curies":[{"name":"wp","href":"https:\/\/api.w.org\/{rel}","templated":true}]}}