{"id":123896,"date":"2026-04-20T13:32:42","date_gmt":"2026-04-20T13:32:42","guid":{"rendered":"https:\/\/thetenerifechannel.com\/?post_type=product&#038;p=123896"},"modified":"2026-04-21T10:03:38","modified_gmt":"2026-04-21T10:03:38","slug":"smaki-i-wina-z-poludnia-copy","status":"publish","type":"product","link":"https:\/\/thetenerifechannel.com\/pl\/excursions\/smaki-i-wina-z-poludnia-copy\/","title":{"rendered":"Wycieczki agroturystyczne"},"content":{"rendered":"<section class=\"l-section wpb_row height_huge\"><div class=\"l-section-h i-cf\"><div class=\"g-cols vc_row via_grid cols_1 laptops-cols_inherit tablets-cols_inherit mobiles-cols_1 valign_top type_default stacking_default\"><div class=\"wpb_column vc_column_container\"><div class=\"vc_column-inner\"><div class=\"wpb_text_column\"><div class=\"wpb_wrapper\"><p><strong>Agroturystyka &#8211; Aloes i ser <\/strong>&#8211; w ka\u017cdy pi\u0105tek<\/p>\n<p data-start=\"0\" data-end=\"336\">Wycieczk\u0119 rozpoczniemy w wiejskiej okolicy Tijoco Alto, odwiedzaj\u0105c tradycyjne kanaryjskie gospodarstwo serowarskie, gdzie dowiesz si\u0119, jak dba si\u0119 o kozy i owce, jak produkuje si\u0119 \u015bwie\u017ce mleko i jak przekszta\u0142ca si\u0119 je w wielokrotnie nagradzane sery rzemie\u015blnicze. Zobaczysz proces produkcji sera i b\u0119dziesz cieszy\u0107 si\u0119 degustacj\u0105 r\u00f3\u017cnych odmian. <\/p>\n<p>Nast\u0119pnie udamy si\u0119 do Arony, gdzie odwiedzimy farm\u0119 aloesu i dowiemy si\u0119 o tej tradycyjnej ro\u015blinie, jej uprawie i wielu naturalnych zastosowaniach. Zobaczysz tak\u017ce, jak zbierany jest aloes i b\u0119dziesz mia\u0142 okazj\u0119 spr\u00f3bowa\u0107 jego naturalnego mi\u0105\u017cszu i odkry\u0107 powi\u0105zane produkty. <\/p>\n<p>Czas trwania: do 5 godzin<br data-start=\"23\" data-end=\"26\">Godzina rozpocz\u0119cia: oko\u0142o 8:00 rano<br data-start=\"52\" data-end=\"55\">Godzina zako\u0144czenia: przed 1:00 po po\u0142udniu<\/p>\n<p><strong>W zestawie:<\/strong><\/p>\n<ul>\n<li><span>Transport autobusem + komentarz przewodnika.<\/span><\/li>\n<li><span><span>Wizyta w fabryce sera i degustacja sera.<\/span><\/span><\/li>\n<li><span><span>Wizyta na farmie aloesu.<\/span><\/span><\/li>\n<\/ul>\n<hr>\n<p><strong>Agroturystyka &#8211; Banany i wina <\/strong>&#8211; w ka\u017cdy wtorek<\/p>\n<section class=\"text-token-text-primary w-full focus:outline-none &#091;--shadow-height:45px&#093; has-data-writing-block:pointer-events-none has-data-writing-block:-mt-(--shadow-height) has-data-writing-block:pt-(--shadow-height) &#091;&amp;:has(&#091;data-writing-block&#093;)&gt;*&#093;:pointer-events-auto scroll-mt-(--header-height)\" dir=\"auto\" data-turn-id=\"4e5b4365-7f01-4fb7-bbe6-b2c875e02814\" data-testid=\"conversation-turn-63\" data-scroll-anchor=\"false\" data-turn=\"user\"><\/section>\n<section class=\"text-token-text-primary w-full focus:outline-none &#091;--shadow-height:45px&#093; has-data-writing-block:pointer-events-none has-data-writing-block:-mt-(--shadow-height) has-data-writing-block:pt-(--shadow-height) &#091;&amp;:has(&#091;data-writing-block&#093;)&gt;*&#093;:pointer-events-auto scroll-mt-&#091;calc(var(--header-height)+min(200px,max(70px,20svh)))&#093;\" dir=\"auto\" data-turn-id=\"request-WEB:5e23f363-5277-4bdb-a465-f3bcc7638e84-31\" data-testid=\"conversation-turn-64\" data-scroll-anchor=\"true\" data-turn=\"assistant\">\n<div class=\"text-base my-auto mx-auto pb-10 &#091;--thread-content-margin:var(--thread-content-margin-xs,calc(var(--spacing)*4))&#093; @w-sm\/main:&#091;--thread-content-margin:var(--thread-content-margin-sm,calc(var(--spacing)*6))&#093; @w-lg\/main:&#091;--thread-content-margin:var(--thread-content-margin-lg,calc(var(--spacing)*16))&#093; px-(--thread-content-margin)\">\n<div class=\"&#091;--thread-content-max-width:40rem&#093; @w-lg\/main:&#091;--thread-content-max-width:48rem&#093; mx-auto max-w-(--thread-content-max-width) flex-1 group\/turn-messages focus-visible:outline-hidden relative flex w-full min-w-0 flex-col agent-turn\">\n<div class=\"flex max-w-full flex-col gap-4 grow\">\n<div class=\"min-h-8 text-message relative flex w-full flex-col items-end gap-2 text-start break-words whitespace-normal outline-none keyboard-focused:focus-ring &#091;.text-message+&amp;&#093;:mt-1\" dir=\"auto\" tabindex=\"0\" data-message-author-role=\"assistant\" data-message-id=\"226b574a-d386-47bc-8902-04731c5cb45b\" data-message-model-slug=\"gpt-5-3\" data-turn-start-message=\"true\">\n<div class=\"flex w-full flex-col gap-1 empty:hidden\">\n<div class=\"markdown prose dark:prose-invert w-full wrap-break-word light markdown-new-styling\">\n<p data-start=\"0\" data-end=\"185\">Rozpocznij wycieczk\u0119 od wizyty na farmie banan\u00f3w, gdzie dowiesz si\u0119 o tradycyjnej uprawie, historii gofio i skosztujesz lokalnych produkt\u00f3w i owoc\u00f3w tropikalnych.<\/p>\n<p data-start=\"187\" data-end=\"298\">Kontynuowa\u0107 do <span class=\"hover:entity-accent entity-underline inline cursor-pointer align-baseline\"><span class=\"whitespace-normal\">Mirador de la Centinela<\/span><\/span> na przystanek, aby odkry\u0107 wulkaniczny krajobraz wyspy.<\/p>\n<p data-start=\"300\" data-end=\"524\" data-is-last-node=\"\" data-is-only-node=\"\">Nast\u0119pnie wycieczka udaje si\u0119 na wysoko\u015b\u0107 ponad 1200 metr\u00f3w, aby odwiedzi\u0107 lokaln\u0105 winiarni\u0119, gdzie dowiesz si\u0119 o procesie produkcji wina i b\u0119dziesz cieszy\u0107 si\u0119 degustacj\u0105 pi\u0119ciu win po\u0142\u0105czonych z lokalnymi produktami, a nast\u0119pnie wr\u00f3cisz do hotelu.<\/p>\n<p data-start=\"300\" data-end=\"524\" data-is-last-node=\"\" data-is-only-node=\"\">Czas trwania: do 5 godzin<br data-start=\"23\" data-end=\"26\">Godzina rozpocz\u0119cia: oko\u0142o 8:00 rano<br data-start=\"52\" data-end=\"55\">Godzina zako\u0144czenia: przed 1:00 po po\u0142udniu<\/p>\n<p data-start=\"300\" data-end=\"524\" data-is-last-node=\"\" data-is-only-node=\"\">\n<\/div>\n<p><strong>W zestawie:<\/strong><\/p>\n<ul>\n<li><span>Transport autobusem + komentarz przewodnika.<\/span><\/li>\n<li>Wizyta na farmie banan\u00f3w z degustacj\u0105 lokalnych produkt\u00f3w.<\/li>\n<li>Wizyta w winiarni z degustacj\u0105 pi\u0119ciu win i lokalnych specja\u0142\u00f3w.<\/li>\n<\/ul>\n<\/div>\n<\/div>\n<\/div>\n<\/div>\n<\/div>\n<\/section>\n<\/div><\/div><\/div><\/div><\/div><\/div><\/section>\n","protected":false},"excerpt":{"rendered":"<p data-pm-slice=\"1 1 []\">Odkryj autentyczn\u0105 wiejsk\u0105 stron\u0119 Teneryfy dzi\u0119ki wci\u0105gaj\u0105cym wycieczkom agroturystycznym. Odwied\u017a lokalne gospodarstwa i plantacje, dowiedz si\u0119 o tradycyjnej uprawie banan\u00f3w i s\u0142ynnym aloesie na wyspie oraz ciesz si\u0119 degustacjami rzemie\u015blniczych ser\u00f3w i win kanaryjskich. To wyj\u0105tkowe do\u015bwiadczenie, kt\u00f3re \u0142\u0105czy Ci\u0119 z lokaln\u0105 kultur\u0105, przyrod\u0105 i smakami.  <\/p>\n","protected":false},"featured_media":123904,"template":"","meta":{"_acf_changed":false,"_joinchat":[]},"product_brand":[],"product_cat":[316,315,314],"product_tag":[372,398,400],"class_list":{"0":"post-123896","1":"product","2":"type-product","3":"status-publish","4":"has-post-thumbnail","6":"product_cat-bez-kategorii","7":"product_cat-przygoda-z-natura","8":"product_cat-wycieczki-na-teneryfe","9":"product_tag-a-group-couples","10":"product_tag-a-vibe-explore","11":"product_tag-a-vibe-romans","12":"pa_depart-from-na-poludnie-od-wyspy","14":"first","15":"instock","16":"virtual","17":"sold-individually","18":"purchasable","19":"product-type-booking"},"acf":[],"_links":{"self":[{"href":"https:\/\/thetenerifechannel.com\/pl\/wp-json\/wp\/v2\/product\/123896","targetHints":{"allow":["GET"]}}],"collection":[{"href":"https:\/\/thetenerifechannel.com\/pl\/wp-json\/wp\/v2\/product"}],"about":[{"href":"https:\/\/thetenerifechannel.com\/pl\/wp-json\/wp\/v2\/types\/product"}],"wp:featuredmedia":[{"embeddable":true,"href":"https:\/\/thetenerifechannel.com\/pl\/wp-json\/wp\/v2\/media\/123904"}],"wp:attachment":[{"href":"https:\/\/thetenerifechannel.com\/pl\/wp-json\/wp\/v2\/media?parent=123896"}],"wp:term":[{"taxonomy":"product_brand","embeddable":true,"href":"https:\/\/thetenerifechannel.com\/pl\/wp-json\/wp\/v2\/product_brand?post=123896"},{"taxonomy":"product_cat","embeddable":true,"href":"https:\/\/thetenerifechannel.com\/pl\/wp-json\/wp\/v2\/product_cat?post=123896"},{"taxonomy":"product_tag","embeddable":true,"href":"https:\/\/thetenerifechannel.com\/pl\/wp-json\/wp\/v2\/product_tag?post=123896"}],"curies":[{"name":"wp","href":"https:\/\/api.w.org\/{rel}","templated":true}]}}