{"id":124073,"date":"2026-04-21T10:21:48","date_gmt":"2026-04-21T10:21:48","guid":{"rendered":"https:\/\/thetenerifechannel.com\/?post_type=product&#038;p=124073"},"modified":"2026-04-21T12:52:38","modified_gmt":"2026-04-21T12:52:38","slug":"opera-33-private-charter-copy","status":"publish","type":"product","link":"https:\/\/thetenerifechannel.com\/pl\/excursions\/opera-33-private-charter-copy\/","title":{"rendered":"Pampano Private Charter"},"content":{"rendered":"<section class=\"l-section wpb_row height_huge\"><div class=\"l-section-h i-cf\"><div class=\"g-cols vc_row via_grid cols_1 laptops-cols_inherit tablets-cols_inherit mobiles-cols_1 valign_top type_default stacking_default\"><div class=\"wpb_column vc_column_container\"><div class=\"vc_column-inner\"><div class=\"wpb_text_column\"><div class=\"wpb_wrapper\"><p>Ciesz si\u0119 ekskluzywnym prywatnym czarterem na Teneryfie dla maksymalnie 8 os\u00f3b! Sp\u0119d\u017a 3 godziny na rejsie wzd\u0142u\u017c zachwycaj\u0105cego wybrze\u017ca, z przystankiem na orze\u017awiaj\u0105c\u0105 k\u0105piel i smaczn\u0105 przek\u0105sk\u0105 serwowan\u0105 na pok\u0142adzie. Idealne do\u015bwiadczenie, aby zrelaksowa\u0107 si\u0119, odpr\u0119\u017cy\u0107 i odkry\u0107 pi\u0119kne wody Teneryfy w komfortowym i stylowym stylu.  <\/p>\n<p><span class=\"x1rg5ohu x16dsc37 x19la9d6 x1fc57z9 x6ikm8r x10wlt62 x19co3pv x11tp94h xw4jnvo x1qx5ct2 xfibh0p xiy17q3 x1xsqp64 x1lkfr7t xexx8yu xyri2b x18d9i69 x1c1uobl\"><span class=\"xrtxmta x1bhl96m\">\ud83d\udccd<\/span><\/span><span class=\"_aupe copyable-text xkrh14z\">Port Las Galletas <\/span> <\/p>\n<p><strong>W ZESTAWIE:<\/strong><\/p>\n<ul>\n<li>3-godzinna wycieczka<\/li>\n<li>Swim stop<\/li>\n<li>Tapas <em>(ser, pomidory, oliwki, omlet hiszpa\u0144ski, szynka serrano, ciastka)<\/em> i napoje <em>(cava, piwo, coca cola, fanta, woda)<\/em><\/li>\n<\/ul>\n<p><strong>NIE WLICZONE W CEN\u0118:<\/strong><\/p>\n<ul>\n<li>Transport<\/li>\n<\/ul>\n<p>*Nale\u017cy pami\u0119ta\u0107, \u017ce chocia\u017c podczas rejsu mo\u017cliwe jest dostrze\u017cenie wieloryb\u00f3w\/delfin\u00f3w, nie jest to wycieczka z obserwacj\u0105 wieloryb\u00f3w. \u0141\u00f3d\u017a zosta\u0142a zaprojektowana z my\u015bl\u0105 o relaksuj\u0105cym i malowniczym do\u015bwiadczeniu wzd\u0142u\u017c pi\u0119knego wybrze\u017ca Teneryfy, z przystankiem na k\u0105piel i lunchem wliczonym w cen\u0119, oferuj\u0105c idealny spos\u00f3b na sp\u0119dzenie luksusowego dnia na morzu.<\/p>\n<\/div><\/div><\/div><\/div><\/div><\/div><\/section>\n","protected":false},"excerpt":{"rendered":"<p>Ciesz si\u0119 3-godzinnym prywatnym rejsem \u0142odzi\u0105 z przystankiem na orze\u017awiaj\u0105c\u0105 k\u0105piel i smaczn\u0105 przek\u0105sk\u0105 serwowan\u0105 na pok\u0142adzie.<\/p>\n<p><strong>*Zawsze skontaktuj si\u0119 z nami przed dokonaniem rezerwacji tego prywatnego czarteru.<\/strong><\/p>\n","protected":false},"featured_media":124075,"template":"","meta":{"_acf_changed":false,"_joinchat":[]},"product_brand":[],"product_cat":[320],"product_tag":[],"class_list":{"0":"post-124073","1":"product","2":"type-product","3":"status-publish","4":"has-post-thumbnail","6":"product_cat-prywatne-czartery","8":"first","9":"instock","10":"virtual","11":"sold-individually","12":"purchasable","13":"product-type-booking"},"acf":[],"_links":{"self":[{"href":"https:\/\/thetenerifechannel.com\/pl\/wp-json\/wp\/v2\/product\/124073","targetHints":{"allow":["GET"]}}],"collection":[{"href":"https:\/\/thetenerifechannel.com\/pl\/wp-json\/wp\/v2\/product"}],"about":[{"href":"https:\/\/thetenerifechannel.com\/pl\/wp-json\/wp\/v2\/types\/product"}],"wp:featuredmedia":[{"embeddable":true,"href":"https:\/\/thetenerifechannel.com\/pl\/wp-json\/wp\/v2\/media\/124075"}],"wp:attachment":[{"href":"https:\/\/thetenerifechannel.com\/pl\/wp-json\/wp\/v2\/media?parent=124073"}],"wp:term":[{"taxonomy":"product_brand","embeddable":true,"href":"https:\/\/thetenerifechannel.com\/pl\/wp-json\/wp\/v2\/product_brand?post=124073"},{"taxonomy":"product_cat","embeddable":true,"href":"https:\/\/thetenerifechannel.com\/pl\/wp-json\/wp\/v2\/product_cat?post=124073"},{"taxonomy":"product_tag","embeddable":true,"href":"https:\/\/thetenerifechannel.com\/pl\/wp-json\/wp\/v2\/product_tag?post=124073"}],"curies":[{"name":"wp","href":"https:\/\/api.w.org\/{rel}","templated":true}]}}